{"id":141,"date":"2025-02-21T16:00:56","date_gmt":"2025-02-21T15:00:56","guid":{"rendered":"https:\/\/ecomyco.fr\/?page_id=141"},"modified":"2025-05-18T08:24:20","modified_gmt":"2025-05-18T06:24:20","slug":"mycotecture","status":"publish","type":"page","link":"https:\/\/ecomyco.fr\/","title":{"rendered":"Mycotecture"},"content":{"rendered":"\t\t<div data-elementor-type=\"wp-page\" data-elementor-id=\"141\" class=\"elementor elementor-141\">\n\t\t\t\t<div class=\"elementor-element elementor-element-1f920da e-con-full e-flex e-con e-parent\" data-id=\"1f920da\" data-element_type=\"container\" data-e-type=\"container\">\n\t\t\t\t<div class=\"elementor-element elementor-element-9bfc12e elementor-widget elementor-widget-text-editor\" data-id=\"9bfc12e\" data-element_type=\"widget\" data-e-type=\"widget\" data-widget_type=\"text-editor.default\">\n\t\t\t\t<div class=\"elementor-widget-container\">\n\t\t\t\t\t\t\t\t\t<div><\/div>\t\t\t\t\t\t\t\t<\/div>\n\t\t\t\t<\/div>\n\t\t\t\t<\/div>\n\t\t<div class=\"elementor-element elementor-element-faba1be animated-slow e-flex e-con-boxed elementor-invisible e-con e-parent\" data-id=\"faba1be\" data-element_type=\"container\" data-e-type=\"container\" data-settings=\"{&quot;animation&quot;:&quot;fadeIn&quot;}\">\n\t\t\t\t\t<div class=\"e-con-inner\">\n\t\t\t\t<div class=\"elementor-element elementor-element-4514d50 elementor-widget elementor-widget-heading\" data-id=\"4514d50\" data-element_type=\"widget\" data-e-type=\"widget\" data-widget_type=\"heading.default\">\n\t\t\t\t<div class=\"elementor-widget-container\">\n\t\t\t\t\t<h2 class=\"elementor-heading-title elementor-size-default\">Le myc\u00e9lium, qu\u2019est-ce que c\u2019est ?<\/h2>\t\t\t\t<\/div>\n\t\t\t\t<\/div>\n\t\t\t\t<div class=\"elementor-element elementor-element-1f960b7 elementor-widget elementor-widget-text-editor\" data-id=\"1f960b7\" data-element_type=\"widget\" data-e-type=\"widget\" data-widget_type=\"text-editor.default\">\n\t\t\t\t<div class=\"elementor-widget-container\">\n\t\t\t\t\t\t\t\t\t<p>Le myc\u00e9lium est la partie v\u00e9g\u00e9tative des champignons. Invisible \u00e0 l\u2019\u0153il nu dans la nature, il se pr\u00e9sente comme un r\u00e9seau de filaments blancs appel\u00e9 &#8220;hyphes&#8221;, qui se d\u00e9ploie dans le sol, le bois ou les mati\u00e8res organiques. Ce r\u00e9seau agit comme une v\u00e9ritable toile vivante : il d\u00e9compose la mati\u00e8re, nourrit les \u00e9cosyst\u00e8mes et connecte les plantes entre elles. Au-del\u00e0 de son r\u00f4le fondamental dans la nature, le myc\u00e9lium poss\u00e8de des propri\u00e9t\u00e9s \u00e9tonnantes : il est l\u00e9ger, r\u00e9sistant, biod\u00e9gradable et peut prendre des formes vari\u00e9es en se d\u00e9veloppant dans des moules. C\u2019est cette mati\u00e8re vivante que la mycotecture explore, en l\u2019utilisant pour cr\u00e9er des objets durables, esth\u00e9tiques et \u00e9cologiques.<\/p>\t\t\t\t\t\t\t\t<\/div>\n\t\t\t\t<\/div>\n\t\t\t\t<div class=\"elementor-element elementor-element-713f022 elementor-widget-divider--view-line elementor-widget elementor-widget-divider\" data-id=\"713f022\" data-element_type=\"widget\" data-e-type=\"widget\" data-widget_type=\"divider.default\">\n\t\t\t\t<div class=\"elementor-widget-container\">\n\t\t\t\t\t\t\t<div class=\"elementor-divider\">\n\t\t\t<span class=\"elementor-divider-separator\">\n\t\t\t\t\t\t<\/span>\n\t\t<\/div>\n\t\t\t\t\t\t<\/div>\n\t\t\t\t<\/div>\n\t\t\t\t\t<\/div>\n\t\t\t\t<\/div>\n\t\t<div class=\"elementor-element elementor-element-3ed1637 animated-slow e-flex e-con-boxed elementor-invisible e-con e-parent\" data-id=\"3ed1637\" data-element_type=\"container\" data-e-type=\"container\" data-settings=\"{&quot;animation&quot;:&quot;fadeIn&quot;}\">\n\t\t\t\t\t<div class=\"e-con-inner\">\n\t\t\t\t<div class=\"elementor-element elementor-element-346fa99 elementor-widget elementor-widget-heading\" data-id=\"346fa99\" data-element_type=\"widget\" data-e-type=\"widget\" data-widget_type=\"heading.default\">\n\t\t\t\t<div class=\"elementor-widget-container\">\n\t\t\t\t\t<h2 class=\"elementor-heading-title elementor-size-default\">Une R\u00e9volution \u00c9cologique et Esth\u00e9tique<\/h2>\t\t\t\t<\/div>\n\t\t\t\t<\/div>\n\t\t\t\t<div class=\"elementor-element elementor-element-8cfff10 elementor-widget elementor-widget-text-editor\" data-id=\"8cfff10\" data-element_type=\"widget\" data-e-type=\"widget\" data-widget_type=\"text-editor.default\">\n\t\t\t\t<div class=\"elementor-widget-container\">\n\t\t\t\t\t\t\t\t\t<p>La mycotecture, ou l\u2019art de concevoir des objets \u00e0 partir du myc\u00e9lium, ouvre la voie \u00e0 une nouvelle g\u00e9n\u00e9ration de design : <strong data-start=\"355\" data-end=\"398\">\u00e9l\u00e9gant, durable et 100 % biod\u00e9gradable<\/strong>. Contrairement aux mat\u00e9riaux traditionnels comme le plastique, le b\u00e9ton ou le m\u00e9tal, nos cr\u00e9ations n\u00e9cessitent tr\u00e8s peu de ressources pour \u00eatre produites et s\u2019inscrivent dans une d\u00e9marche de luxe \u00e9coresponsable.<\/p>\t\t\t\t\t\t\t\t<\/div>\n\t\t\t\t<\/div>\n\t\t\t\t<div class=\"elementor-element elementor-element-a5c1e43 elementor-widget-divider--view-line elementor-widget elementor-widget-divider\" data-id=\"a5c1e43\" data-element_type=\"widget\" data-e-type=\"widget\" data-widget_type=\"divider.default\">\n\t\t\t\t<div class=\"elementor-widget-container\">\n\t\t\t\t\t\t\t<div class=\"elementor-divider\">\n\t\t\t<span class=\"elementor-divider-separator\">\n\t\t\t\t\t\t<\/span>\n\t\t<\/div>\n\t\t\t\t\t\t<\/div>\n\t\t\t\t<\/div>\n\t\t\t\t\t<\/div>\n\t\t\t\t<\/div>\n\t\t<div class=\"elementor-element elementor-element-07ef3e4 animated-slow e-flex e-con-boxed elementor-invisible e-con e-parent\" data-id=\"07ef3e4\" data-element_type=\"container\" data-e-type=\"container\" data-settings=\"{&quot;animation&quot;:&quot;fadeIn&quot;}\">\n\t\t\t\t\t<div class=\"e-con-inner\">\n\t\t\t\t<div class=\"elementor-element elementor-element-4daeaa3 elementor-widget elementor-widget-heading\" data-id=\"4daeaa3\" data-element_type=\"widget\" data-e-type=\"widget\" data-widget_type=\"heading.default\">\n\t\t\t\t<div class=\"elementor-widget-container\">\n\t\t\t\t\t<h2 class=\"elementor-heading-title elementor-size-default\">Un Mat\u00e9riau R\u00e9volutionnaire : Le Myc\u00e9lium<\/h2>\t\t\t\t<\/div>\n\t\t\t\t<\/div>\n\t\t\t\t<div class=\"elementor-element elementor-element-90f517c elementor-widget elementor-widget-text-editor\" data-id=\"90f517c\" data-element_type=\"widget\" data-e-type=\"widget\" data-widget_type=\"text-editor.default\">\n\t\t\t\t<div class=\"elementor-widget-container\">\n\t\t\t\t\t\t\t\t\t<h3 data-start=\"1528\" data-end=\"1582\"><strong data-start=\"1532\" data-end=\"1580\">Des Besoins en Ressources R\u00e9duits au Minimum<\/strong><\/h3><p data-start=\"1584\" data-end=\"1613\">\ud83d\udca7 <strong data-start=\"1587\" data-end=\"1611\">Consommation d\u2019eau :<\/strong><\/p><ul data-start=\"1614\" data-end=\"1748\"><li data-start=\"1614\" data-end=\"1748\">La production d\u2019un abat-jour en myc\u00e9lium consomme <strong data-start=\"1666\" data-end=\"1694\">jusqu\u2019\u00e0 90 % moins d\u2019eau<\/strong> que celle d\u2019un \u00e9quivalent en plastique ou en m\u00e9tal.<\/li><\/ul><p data-start=\"1750\" data-end=\"1778\">\u26a1 <strong data-start=\"1752\" data-end=\"1776\">\u00c9nergie n\u00e9cessaire :<\/strong><\/p><ul data-start=\"1779\" data-end=\"1937\"><li data-start=\"1779\" data-end=\"1937\">Aucune cuisson \u00e0 haute temp\u00e9rature : la transformation se fait \u00e0 temp\u00e9rature ambiante, <strong data-start=\"1868\" data-end=\"1934\">r\u00e9duisant la consommation \u00e9nerg\u00e9tique par un facteur de 5 \u00e0 10<\/strong>.<\/li><\/ul><p data-start=\"1939\" data-end=\"1982\">\ud83c\udf31 <strong data-start=\"1942\" data-end=\"1980\">100 % biod\u00e9gradable et compostable<\/strong><\/p><ul data-start=\"1983\" data-end=\"2091\"><li data-start=\"1983\" data-end=\"2091\">Contrairement aux plastiques et aux composites synth\u00e9tiques, <strong data-start=\"2046\" data-end=\"2088\">aucun microplastique ni r\u00e9sidu toxique<\/strong>.<\/li><\/ul>\t\t\t\t\t\t\t\t<\/div>\n\t\t\t\t<\/div>\n\t\t\t\t<div class=\"elementor-element elementor-element-d4d7911 elementor-widget-divider--view-line elementor-widget elementor-widget-divider\" data-id=\"d4d7911\" data-element_type=\"widget\" data-e-type=\"widget\" data-widget_type=\"divider.default\">\n\t\t\t\t<div class=\"elementor-widget-container\">\n\t\t\t\t\t\t\t<div class=\"elementor-divider\">\n\t\t\t<span class=\"elementor-divider-separator\">\n\t\t\t\t\t\t<\/span>\n\t\t<\/div>\n\t\t\t\t\t\t<\/div>\n\t\t\t\t<\/div>\n\t\t\t\t\t<\/div>\n\t\t\t\t<\/div>\n\t\t<div class=\"elementor-element elementor-element-8335201 animated-slow e-flex e-con-boxed elementor-invisible e-con e-parent\" data-id=\"8335201\" data-element_type=\"container\" data-e-type=\"container\" data-settings=\"{&quot;animation&quot;:&quot;fadeIn&quot;}\">\n\t\t\t\t\t<div class=\"e-con-inner\">\n\t\t\t\t<div class=\"elementor-element elementor-element-8a902a1 elementor-widget elementor-widget-heading\" data-id=\"8a902a1\" data-element_type=\"widget\" data-e-type=\"widget\" data-widget_type=\"heading.default\">\n\t\t\t\t<div class=\"elementor-widget-container\">\n\t\t\t\t\t<h2 class=\"elementor-heading-title elementor-size-default\">Quand le myc\u00e9lium prend forme : voyage au c\u0153ur de la mycotecture<\/h2>\t\t\t\t<\/div>\n\t\t\t\t<\/div>\n\t\t\t\t<div class=\"elementor-element elementor-element-afc92cc elementor-widget elementor-widget-text-editor\" data-id=\"afc92cc\" data-element_type=\"widget\" data-e-type=\"widget\" data-widget_type=\"text-editor.default\">\n\t\t\t\t<div class=\"elementor-widget-container\">\n\t\t\t\t\t\t\t\t\t<p data-start=\"151\" data-end=\"336\">\ud83c\udf31 <strong data-start=\"154\" data-end=\"188\">Tout commence avec les spores\u2026<\/strong><br data-start=\"188\" data-end=\"191\" \/>Invisible \u00e0 l\u2019\u0153il nu, une poussi\u00e8re de vie s\u2019\u00e9veille. Une souche est choisie, porteuse d\u2019un potentiel unique, pr\u00eate \u00e0 tisser son r\u00e9seau secret.<\/p><p data-start=\"338\" data-end=\"549\">\ud83d\udca7 <strong data-start=\"341\" data-end=\"364\">La danse dans l\u2019eau<\/strong><br data-start=\"364\" data-end=\"367\" \/>Plong\u00e9es dans un bain nutritif, ces particules s\u2019\u00e9tirent et s\u2019assemblent en un ballet microscopique. Dans la culture liquide, le myc\u00e9lium s\u2019\u00e9veille, tissant ses premiers filaments.<\/p><p data-start=\"551\" data-end=\"723\">\ud83c\udf3e <strong data-start=\"554\" data-end=\"580\">\u00c0 la conqu\u00eate du grain<\/strong><br data-start=\"580\" data-end=\"583\" \/>Le liquide devient solide : le myc\u00e9lium s\u2019accroche au bl\u00e9, le colonise et s\u2019en empare, se pr\u00e9parant pour son prochain terrain d\u2019expansion.<\/p><p data-start=\"725\" data-end=\"958\">\ud83c\udf42 <strong data-start=\"728\" data-end=\"763\">La grande travers\u00e9e du substrat<\/strong><br data-start=\"763\" data-end=\"766\" \/>Propuls\u00e9 dans un monde de fibres dor\u00e9es, le myc\u00e9lium s\u2019infiltre et envahit la paille. Il transforme ce chaos v\u00e9g\u00e9tal en un r\u00e9seau compact, unissant chaque brin dans une \u00e9treinte silencieuse.<\/p><p data-start=\"960\" data-end=\"1147\">\ud83c\udf5e <strong data-start=\"963\" data-end=\"988\">Le souffle nourricier<\/strong><br data-start=\"988\" data-end=\"991\" \/>Un liant secret vient renforcer cette mati\u00e8re naissante. Le myc\u00e9lium s\u2019en nourrit et se densifie, pr\u00eat \u00e0 prendre forme.<\/p><p data-start=\"1149\" data-end=\"1339\">\ud83c\udfad <strong data-start=\"1152\" data-end=\"1174\">L\u2019\u00e9preuve du moule<\/strong><br data-start=\"1174\" data-end=\"1177\" \/>Vers\u00e9 dans un cocon fa\u00e7onn\u00e9 par la main humaine, le m\u00e9lange \u00e9pouse son destin. Press\u00e9, model\u00e9, il commence sa m\u00e9tamorphose, sculpt\u00e9 par le temps et l\u2019obscurit\u00e9.<\/p><p data-start=\"1341\" data-end=\"1532\">\ud83c\udf19 <strong data-start=\"1344\" data-end=\"1367\">Le sommeil cr\u00e9ateur<\/strong><br data-start=\"1367\" data-end=\"1370\" \/>Dans l\u2019ombre du moule, la magie op\u00e8re. Le myc\u00e9lium tisse ses derni\u00e8res connexions, solidifiant chaque fibre, fusionnant les particules en un tout indissociable.<\/p><p data-start=\"1534\" data-end=\"1713\">\ud83d\udd25 <strong data-start=\"1537\" data-end=\"1559\">Le dernier souffle<\/strong><br data-start=\"1559\" data-end=\"1562\" \/>L\u2019heure du s\u00e9chage est venue. La chaleur vient suspendre la croissance, figer la structure, arr\u00eater le vivant pour le transformer en mati\u00e8re durable.<\/p><p data-start=\"1715\" data-end=\"1951\">\u2728 <strong data-start=\"1717\" data-end=\"1744\">L\u2019objet prend son envol<\/strong><br data-start=\"1744\" data-end=\"1747\" \/>L\u2019ancien monde du myc\u00e9lium devient un nouvel artefact. Une lampe, un panneau, un objet sculpt\u00e9 par la nature et la main de l\u2019homme. De la poussi\u00e8re de spores \u00e0 la cr\u00e9ation finale, la boucle est boucl\u00e9e.<\/p>\t\t\t\t\t\t\t\t<\/div>\n\t\t\t\t<\/div>\n\t\t\t\t<div class=\"elementor-element elementor-element-708181b elementor-widget-divider--view-line elementor-widget elementor-widget-divider\" data-id=\"708181b\" data-element_type=\"widget\" data-e-type=\"widget\" data-widget_type=\"divider.default\">\n\t\t\t\t<div class=\"elementor-widget-container\">\n\t\t\t\t\t\t\t<div class=\"elementor-divider\">\n\t\t\t<span class=\"elementor-divider-separator\">\n\t\t\t\t\t\t<\/span>\n\t\t<\/div>\n\t\t\t\t\t\t<\/div>\n\t\t\t\t<\/div>\n\t\t\t\t\t<\/div>\n\t\t\t\t<\/div>\n\t\t<div class=\"elementor-element elementor-element-8f200d8 animated-slow e-flex e-con-boxed elementor-invisible e-con e-parent\" data-id=\"8f200d8\" data-element_type=\"container\" data-e-type=\"container\" data-settings=\"{&quot;animation&quot;:&quot;fadeIn&quot;}\">\n\t\t\t\t\t<div class=\"e-con-inner\">\n\t\t\t\t<div class=\"elementor-element elementor-element-ad4836b elementor-widget elementor-widget-heading\" data-id=\"ad4836b\" data-element_type=\"widget\" data-e-type=\"widget\" data-widget_type=\"heading.default\">\n\t\t\t\t<div class=\"elementor-widget-container\">\n\t\t\t\t\t<h2 class=\"elementor-heading-title elementor-size-default\">D\u00e9couvrez Notre Premi\u00e8re Gamme : Les Suspensions en Myc\u00e9lium<\/h2>\t\t\t\t<\/div>\n\t\t\t\t<\/div>\n\t\t\t\t<div class=\"elementor-element elementor-element-4ae4374 elementor-widget elementor-widget-text-editor\" data-id=\"4ae4374\" data-element_type=\"widget\" data-e-type=\"widget\" data-widget_type=\"text-editor.default\">\n\t\t\t\t<div class=\"elementor-widget-container\">\n\t\t\t\t\t\t\t\t\t<p data-start=\"700\" data-end=\"745\">\ud83c\udf3f <strong data-start=\"703\" data-end=\"743\">Une pi\u00e8ce unique, sobre et organique<\/strong><\/p><ul data-start=\"746\" data-end=\"966\"><li data-start=\"746\" data-end=\"802\">Un design minimaliste inspir\u00e9 des formes naturelles.<\/li><li data-start=\"803\" data-end=\"875\">Une texture organique et \u00e9l\u00e9gante qui capte la lumi\u00e8re avec douceur.<\/li><li data-start=\"876\" data-end=\"966\">Un rendu chaleureux qui sublime chaque int\u00e9rieur, du plus moderne au plus authentique.<\/li><\/ul><p data-start=\"968\" data-end=\"1031\">\ud83d\udca1 <strong data-start=\"971\" data-end=\"1029\">L\u2019innovation au service de la d\u00e9coration haut de gamme<\/strong><\/p><ul data-start=\"1032\" data-end=\"1292\"><li data-start=\"1032\" data-end=\"1123\">Chaque suspension est cultiv\u00e9e, et non usin\u00e9e : <strong data-start=\"1082\" data-end=\"1120\">un processus artisanal biofabriqu\u00e9<\/strong>.<\/li><li data-start=\"1124\" data-end=\"1212\">Un mat\u00e9riau biod\u00e9gradable qui offre <strong data-start=\"1162\" data-end=\"1209\">un toucher unique et une pr\u00e9sence naturelle<\/strong>.<\/li><li data-start=\"1213\" data-end=\"1292\"><strong data-start=\"1215\" data-end=\"1241\">Un produit d\u2019exception<\/strong>, \u00e0 la crois\u00e9e du design et de la biotechnologie.<\/li><\/ul><p data-start=\"1294\" data-end=\"1341\">\ud83d\udd25 <strong data-start=\"1297\" data-end=\"1339\">Un \u00e9clairage qui transforme l\u2019ambiance<\/strong><\/p><ul data-start=\"1342\" data-end=\"1469\"><li data-start=\"1342\" data-end=\"1416\">Un diffuseur de lumi\u00e8re naturel, aux nuances chaudes et enveloppantes.<\/li><li data-start=\"1417\" data-end=\"1469\">Id\u00e9al pour cr\u00e9er une atmosph\u00e8re douce et intime.<\/li><\/ul>\t\t\t\t\t\t\t\t<\/div>\n\t\t\t\t<\/div>\n\t\t\t\t<div class=\"elementor-element elementor-element-6c372af elementor-widget-divider--view-line elementor-widget elementor-widget-divider\" data-id=\"6c372af\" data-element_type=\"widget\" data-e-type=\"widget\" data-widget_type=\"divider.default\">\n\t\t\t\t<div class=\"elementor-widget-container\">\n\t\t\t\t\t\t\t<div class=\"elementor-divider\">\n\t\t\t<span class=\"elementor-divider-separator\">\n\t\t\t\t\t\t<\/span>\n\t\t<\/div>\n\t\t\t\t\t\t<\/div>\n\t\t\t\t<\/div>\n\t\t\t\t\t<\/div>\n\t\t\t\t<\/div>\n\t\t<div class=\"elementor-element elementor-element-900b738 animated-slow e-flex e-con-boxed elementor-invisible e-con e-parent\" data-id=\"900b738\" data-element_type=\"container\" data-e-type=\"container\" data-settings=\"{&quot;animation&quot;:&quot;fadeIn&quot;}\">\n\t\t\t\t\t<div class=\"e-con-inner\">\n\t\t\t\t<div class=\"elementor-element elementor-element-046fc04 elementor-widget elementor-widget-heading\" data-id=\"046fc04\" data-element_type=\"widget\" data-e-type=\"widget\" data-widget_type=\"heading.default\">\n\t\t\t\t<div class=\"elementor-widget-container\">\n\t\t\t\t\t<h2 class=\"elementor-heading-title elementor-size-default\">Un Design d\u2019Exception pour un Monde Meilleur\n<\/h2>\t\t\t\t<\/div>\n\t\t\t\t<\/div>\n\t\t\t\t<div class=\"elementor-element elementor-element-04c581e elementor-widget elementor-widget-text-editor\" data-id=\"04c581e\" data-element_type=\"widget\" data-e-type=\"widget\" data-widget_type=\"text-editor.default\">\n\t\t\t\t<div class=\"elementor-widget-container\">\n\t\t\t\t\t\t\t\t\t<p data-start=\"2807\" data-end=\"2997\">Nos suspensions en myc\u00e9lium sont plus qu\u2019un simple objet de d\u00e9coration : <strong data-start=\"2880\" data-end=\"2927\">elles incarnent une vision nouvelle du luxe<\/strong>, alliant esth\u00e9tisme, innovation et responsabilit\u00e9 environnementale.<\/p><p data-start=\"2999\" data-end=\"3074\">\ud83c\udf31 <strong data-start=\"3002\" data-end=\"3069\">\u00c9l\u00e9gance naturelle, technologie bio-organique et impact positif<\/strong> \ud83c\udf31<\/p><p data-start=\"3076\" data-end=\"3136\"><strong data-start=\"3076\" data-end=\"3134\">Red\u00e9finissons ensemble l\u2019art de la d\u00e9coration durable.<\/strong><\/p>\t\t\t\t\t\t\t\t<\/div>\n\t\t\t\t<\/div>\n\t\t\t\t<div class=\"elementor-element elementor-element-cdf8399 elementor-widget-divider--view-line elementor-widget elementor-widget-divider\" data-id=\"cdf8399\" data-element_type=\"widget\" data-e-type=\"widget\" data-widget_type=\"divider.default\">\n\t\t\t\t<div class=\"elementor-widget-container\">\n\t\t\t\t\t\t\t<div class=\"elementor-divider\">\n\t\t\t<span class=\"elementor-divider-separator\">\n\t\t\t\t\t\t<\/span>\n\t\t<\/div>\n\t\t\t\t\t\t<\/div>\n\t\t\t\t<\/div>\n\t\t\t\t\t<\/div>\n\t\t\t\t<\/div>\n\t\t<div class=\"elementor-element elementor-element-21698fc animated-slow e-flex e-con-boxed elementor-invisible e-con e-parent\" data-id=\"21698fc\" data-element_type=\"container\" data-e-type=\"container\" data-settings=\"{&quot;animation&quot;:&quot;fadeIn&quot;}\">\n\t\t\t\t\t<div class=\"e-con-inner\">\n\t\t\t\t<div class=\"elementor-element elementor-element-a344b42 elementor-widget elementor-widget-heading\" data-id=\"a344b42\" data-element_type=\"widget\" data-e-type=\"widget\" data-widget_type=\"heading.default\">\n\t\t\t\t<div class=\"elementor-widget-container\">\n\t\t\t\t\t<h2 class=\"elementor-heading-title elementor-size-default\">L\u2019Isolation du Futur : Une Alternative Durable<\/h2>\t\t\t\t<\/div>\n\t\t\t\t<\/div>\n\t\t\t\t<div class=\"elementor-element elementor-element-9f07704 elementor-widget elementor-widget-text-editor\" data-id=\"9f07704\" data-element_type=\"widget\" data-e-type=\"widget\" data-widget_type=\"text-editor.default\">\n\t\t\t\t<div class=\"elementor-widget-container\">\n\t\t\t\t\t\t\t\t\t<p data-start=\"2155\" data-end=\"2312\">Le b\u00e2timent est l\u2019un des plus gros pollueurs mondiaux. Avec ses <strong data-start=\"2219\" data-end=\"2259\">propri\u00e9t\u00e9s isolantes exceptionnelles<\/strong>, le myc\u00e9lium s\u2019impose comme une solution d\u2019avenir.<\/p><p data-start=\"2314\" data-end=\"2354\">\ud83d\uded1 <strong data-start=\"2317\" data-end=\"2352\">Isolation thermique performante<\/strong><\/p><ul data-start=\"2355\" data-end=\"2475\"><li data-start=\"2355\" data-end=\"2475\">Diminue les besoins en chauffage et en climatisation, <strong data-start=\"2411\" data-end=\"2472\">r\u00e9duisant drastiquement l\u2019empreinte carbone des b\u00e2timents<\/strong>.<\/li><\/ul><p data-start=\"2477\" data-end=\"2516\">\ud83d\udd07 <strong data-start=\"2480\" data-end=\"2514\">Isolation acoustique naturelle<\/strong><\/p><ul data-start=\"2517\" data-end=\"2591\"><li data-start=\"2517\" data-end=\"2591\">Absorbe le bruit et am\u00e9liore le confort sonore des espaces int\u00e9rieurs.<\/li><\/ul><p data-start=\"2593\" data-end=\"2637\">\ud83c\udf0d <strong data-start=\"2596\" data-end=\"2635\">Un mat\u00e9riau biosourc\u00e9 et circulaire<\/strong><\/p><ul data-start=\"2638\" data-end=\"2746\"><li data-start=\"2638\" data-end=\"2746\">Con\u00e7u \u00e0 partir de ressources renouvelables et <strong data-start=\"2686\" data-end=\"2719\">capable de stocker du carbone<\/strong> plut\u00f4t que d\u2019en \u00e9mettre.<\/li><\/ul>\t\t\t\t\t\t\t\t<\/div>\n\t\t\t\t<\/div>\n\t\t\t\t<div class=\"elementor-element elementor-element-57ff997 elementor-widget-divider--view-line elementor-widget elementor-widget-divider\" data-id=\"57ff997\" data-element_type=\"widget\" data-e-type=\"widget\" data-widget_type=\"divider.default\">\n\t\t\t\t<div class=\"elementor-widget-container\">\n\t\t\t\t\t\t\t<div class=\"elementor-divider\">\n\t\t\t<span class=\"elementor-divider-separator\">\n\t\t\t\t\t\t<\/span>\n\t\t<\/div>\n\t\t\t\t\t\t<\/div>\n\t\t\t\t<\/div>\n\t\t\t\t\t<\/div>\n\t\t\t\t<\/div>\n\t\t\t\t<\/div>\n\t\t","protected":false},"excerpt":{"rendered":"<p>Le myc\u00e9lium, qu\u2019est-ce que c\u2019est ? Le myc\u00e9lium est la partie v\u00e9g\u00e9tative des champignons. Invisible \u00e0 l\u2019\u0153il nu dans la nature, il se pr\u00e9sente comme un r\u00e9seau de filaments blancs appel\u00e9 &#8220;hyphes&#8221;, qui se d\u00e9ploie dans le sol, le bois ou les mati\u00e8res organiques. Ce r\u00e9seau agit comme une v\u00e9ritable toile vivante : il d\u00e9compose [&hellip;]<\/p>\n","protected":false},"author":1,"featured_media":224,"parent":0,"menu_order":0,"comment_status":"closed","ping_status":"closed","template":"","meta":{"ocean_post_layout":"","ocean_both_sidebars_style":"","ocean_both_sidebars_content_width":0,"ocean_both_sidebars_sidebars_width":0,"ocean_sidebar":"","ocean_second_sidebar":"","ocean_disable_margins":"enable","ocean_add_body_class":"","ocean_shortcode_before_top_bar":"","ocean_shortcode_after_top_bar":"","ocean_shortcode_before_header":"","ocean_shortcode_after_header":"","ocean_has_shortcode":"","ocean_shortcode_after_title":"","ocean_shortcode_before_footer_widgets":"","ocean_shortcode_after_footer_widgets":"","ocean_shortcode_before_footer_bottom":"","ocean_shortcode_after_footer_bottom":"","ocean_display_top_bar":"default","ocean_display_header":"default","ocean_header_style":"","ocean_center_header_left_menu":"","ocean_custom_header_template":"","ocean_custom_logo":0,"ocean_custom_retina_logo":0,"ocean_custom_logo_max_width":0,"ocean_custom_logo_tablet_max_width":0,"ocean_custom_logo_mobile_max_width":0,"ocean_custom_logo_max_height":0,"ocean_custom_logo_tablet_max_height":0,"ocean_custom_logo_mobile_max_height":0,"ocean_header_custom_menu":"","ocean_menu_typo_font_family":"","ocean_menu_typo_font_subset":"","ocean_menu_typo_font_size":0,"ocean_menu_typo_font_size_tablet":0,"ocean_menu_typo_font_size_mobile":0,"ocean_menu_typo_font_size_unit":"px","ocean_menu_typo_font_weight":"","ocean_menu_typo_font_weight_tablet":"","ocean_menu_typo_font_weight_mobile":"","ocean_menu_typo_transform":"","ocean_menu_typo_transform_tablet":"","ocean_menu_typo_transform_mobile":"","ocean_menu_typo_line_height":0,"ocean_menu_typo_line_height_tablet":0,"ocean_menu_typo_line_height_mobile":0,"ocean_menu_typo_line_height_unit":"","ocean_menu_typo_spacing":0,"ocean_menu_typo_spacing_tablet":0,"ocean_menu_typo_spacing_mobile":0,"ocean_menu_typo_spacing_unit":"","ocean_menu_link_color":"","ocean_menu_link_color_hover":"","ocean_menu_link_color_active":"","ocean_menu_link_background":"","ocean_menu_link_hover_background":"","ocean_menu_link_active_background":"","ocean_menu_social_links_bg":"","ocean_menu_social_hover_links_bg":"","ocean_menu_social_links_color":"","ocean_menu_social_hover_links_color":"","ocean_disable_title":"default","ocean_disable_heading":"default","ocean_post_title":"","ocean_post_subheading":"","ocean_post_title_style":"","ocean_post_title_background_color":"","ocean_post_title_background":0,"ocean_post_title_bg_image_position":"","ocean_post_title_bg_image_attachment":"","ocean_post_title_bg_image_repeat":"","ocean_post_title_bg_image_size":"","ocean_post_title_height":0,"ocean_post_title_bg_overlay":0.5,"ocean_post_title_bg_overlay_color":"","ocean_disable_breadcrumbs":"default","ocean_breadcrumbs_color":"","ocean_breadcrumbs_separator_color":"","ocean_breadcrumbs_links_color":"","ocean_breadcrumbs_links_hover_color":"","ocean_display_footer_widgets":"default","ocean_display_footer_bottom":"default","ocean_custom_footer_template":"","footnotes":""},"class_list":["post-141","page","type-page","status-publish","has-post-thumbnail","hentry","entry","has-media"],"jetpack_sharing_enabled":true,"_links":{"self":[{"href":"https:\/\/ecomyco.fr\/index.php?rest_route=\/wp\/v2\/pages\/141","targetHints":{"allow":["GET"]}}],"collection":[{"href":"https:\/\/ecomyco.fr\/index.php?rest_route=\/wp\/v2\/pages"}],"about":[{"href":"https:\/\/ecomyco.fr\/index.php?rest_route=\/wp\/v2\/types\/page"}],"author":[{"embeddable":true,"href":"https:\/\/ecomyco.fr\/index.php?rest_route=\/wp\/v2\/users\/1"}],"replies":[{"embeddable":true,"href":"https:\/\/ecomyco.fr\/index.php?rest_route=%2Fwp%2Fv2%2Fcomments&post=141"}],"version-history":[{"count":127,"href":"https:\/\/ecomyco.fr\/index.php?rest_route=\/wp\/v2\/pages\/141\/revisions"}],"predecessor-version":[{"id":408,"href":"https:\/\/ecomyco.fr\/index.php?rest_route=\/wp\/v2\/pages\/141\/revisions\/408"}],"wp:featuredmedia":[{"embeddable":true,"href":"https:\/\/ecomyco.fr\/index.php?rest_route=\/wp\/v2\/media\/224"}],"wp:attachment":[{"href":"https:\/\/ecomyco.fr\/index.php?rest_route=%2Fwp%2Fv2%2Fmedia&parent=141"}],"curies":[{"name":"wp","href":"https:\/\/api.w.org\/{rel}","templated":true}]}}