{"id":282,"date":"2025-02-25T15:58:50","date_gmt":"2025-02-25T14:58:50","guid":{"rendered":"https:\/\/ecomyco.fr\/?page_id=282"},"modified":"2025-02-28T09:00:40","modified_gmt":"2025-02-28T08:00:40","slug":"elementor-282","status":"publish","type":"page","link":"https:\/\/ecomyco.fr\/?page_id=282","title":{"rendered":"Impact \u00c9cologique"},"content":{"rendered":"\t\t<div data-elementor-type=\"wp-page\" data-elementor-id=\"282\" class=\"elementor elementor-282\">\n\t\t\t\t<div class=\"elementor-element elementor-element-b67f5fd e-flex e-con-boxed e-con e-parent\" data-id=\"b67f5fd\" data-element_type=\"container\" data-e-type=\"container\">\n\t\t\t\t\t<div class=\"e-con-inner\">\n\t\t\t\t<div class=\"elementor-element elementor-element-021c14d elementor-widget elementor-widget-spacer\" data-id=\"021c14d\" data-element_type=\"widget\" data-e-type=\"widget\" data-widget_type=\"spacer.default\">\n\t\t\t\t<div class=\"elementor-widget-container\">\n\t\t\t\t\t\t\t<div class=\"elementor-spacer\">\n\t\t\t<div class=\"elementor-spacer-inner\"><\/div>\n\t\t<\/div>\n\t\t\t\t\t\t<\/div>\n\t\t\t\t<\/div>\n\t\t\t\t\t<\/div>\n\t\t\t\t<\/div>\n\t\t<div class=\"elementor-element elementor-element-47dea68 e-flex e-con-boxed e-con e-parent\" data-id=\"47dea68\" data-element_type=\"container\" data-e-type=\"container\">\n\t\t\t\t\t<div class=\"e-con-inner\">\n\t\t\t\t<div class=\"elementor-element elementor-element-d9992e3 elementor-widget-divider--view-line elementor-widget elementor-widget-divider\" data-id=\"d9992e3\" data-element_type=\"widget\" data-e-type=\"widget\" data-widget_type=\"divider.default\">\n\t\t\t\t<div class=\"elementor-widget-container\">\n\t\t\t\t\t\t\t<div class=\"elementor-divider\">\n\t\t\t<span class=\"elementor-divider-separator\">\n\t\t\t\t\t\t<\/span>\n\t\t<\/div>\n\t\t\t\t\t\t<\/div>\n\t\t\t\t<\/div>\n\t\t\t\t\t<\/div>\n\t\t\t\t<\/div>\n\t\t<div class=\"elementor-element elementor-element-5c3aed8 e-flex e-con-boxed e-con e-parent\" data-id=\"5c3aed8\" data-element_type=\"container\" data-e-type=\"container\">\n\t\t\t\t\t<div class=\"e-con-inner\">\n\t\t\t\t<div class=\"elementor-element elementor-element-5931521 elementor-widget elementor-widget-heading\" data-id=\"5931521\" data-element_type=\"widget\" data-e-type=\"widget\" data-widget_type=\"heading.default\">\n\t\t\t\t<div class=\"elementor-widget-container\">\n\t\t\t\t\t<h2 class=\"elementor-heading-title elementor-size-default\">Le Myc\u00e9lium, un Alli\u00e9 Pr\u00e9cieux pour la Pr\u00e9servation de Notre Plan\u00e8te\n<\/h2>\t\t\t\t<\/div>\n\t\t\t\t<\/div>\n\t\t\t\t\t<\/div>\n\t\t\t\t<\/div>\n\t\t<div class=\"elementor-element elementor-element-424701c e-flex e-con-boxed e-con e-parent\" data-id=\"424701c\" data-element_type=\"container\" data-e-type=\"container\">\n\t\t\t\t\t<div class=\"e-con-inner\">\n\t\t\t\t<div class=\"elementor-element elementor-element-8bb37ad elementor-widget elementor-widget-text-editor\" data-id=\"8bb37ad\" data-element_type=\"widget\" data-e-type=\"widget\" data-widget_type=\"text-editor.default\">\n\t\t\t\t<div class=\"elementor-widget-container\">\n\t\t\t\t\t\t\t\t\t<p>Dans un monde o\u00f9 la pollution et la surconsommation des ressources naturelles menacent notre \u00e9quilibre \u00e9cologique, le myc\u00e9lium se r\u00e9v\u00e8le \u00eatre une solution d\u2019avenir. Ce r\u00e9seau v\u00e9g\u00e9tal souterrain, qui constitue la base des champignons, poss\u00e8de des propri\u00e9t\u00e9s remarquables pour <strong data-start=\"375\" data-end=\"415\">r\u00e9duire notre impact environnemental<\/strong> tout en ouvrant la voie \u00e0 une nouvelle approche de la conception et de l\u2019architecture.<\/p>\t\t\t\t\t\t\t\t<\/div>\n\t\t\t\t<\/div>\n\t\t\t\t\t<\/div>\n\t\t\t\t<\/div>\n\t\t<div class=\"elementor-element elementor-element-fca44c6 e-flex e-con-boxed e-con e-parent\" data-id=\"fca44c6\" data-element_type=\"container\" data-e-type=\"container\">\n\t\t\t\t\t<div class=\"e-con-inner\">\n\t\t\t\t<div class=\"elementor-element elementor-element-5f7cc65 elementor-widget elementor-widget-heading\" data-id=\"5f7cc65\" data-element_type=\"widget\" data-e-type=\"widget\" data-widget_type=\"heading.default\">\n\t\t\t\t<div class=\"elementor-widget-container\">\n\t\t\t\t\t<h2 class=\"elementor-heading-title elementor-size-default\">\ud83c\udf0d Un Mat\u00e9riau Biosourc\u00e9 et Renouvelable<\/h2>\t\t\t\t<\/div>\n\t\t\t\t<\/div>\n\t\t\t\t\t<\/div>\n\t\t\t\t<\/div>\n\t\t<div class=\"elementor-element elementor-element-6412ab8 e-flex e-con-boxed e-con e-parent\" data-id=\"6412ab8\" data-element_type=\"container\" data-e-type=\"container\">\n\t\t\t\t\t<div class=\"e-con-inner\">\n\t\t\t\t<div class=\"elementor-element elementor-element-19eb824 elementor-widget elementor-widget-text-editor\" data-id=\"19eb824\" data-element_type=\"widget\" data-e-type=\"widget\" data-widget_type=\"text-editor.default\">\n\t\t\t\t<div class=\"elementor-widget-container\">\n\t\t\t\t\t\t\t\t\t<p>Contrairement aux plastiques et aux composites issus de la p\u00e9trochimie, le myc\u00e9lium est <strong data-start=\"646\" data-end=\"697\">enti\u00e8rement naturel, cultivable et renouvelable<\/strong>. Il pousse \u00e0 partir de d\u00e9chets organiques comme la paille ou les copeaux de bois, transformant ainsi des sous-produits agricoles en un mat\u00e9riau fonctionnel et durable. Cette biofabrication permet <strong data-start=\"894\" data-end=\"944\">d\u2019\u00e9viter l\u2019extraction intensive des ressources<\/strong> et de r\u00e9duire l\u2019empreinte carbone des objets du quotidien.<\/p>\t\t\t\t\t\t\t\t<\/div>\n\t\t\t\t<\/div>\n\t\t\t\t\t<\/div>\n\t\t\t\t<\/div>\n\t\t<div class=\"elementor-element elementor-element-d4f19a4 e-flex e-con-boxed e-con e-parent\" data-id=\"d4f19a4\" data-element_type=\"container\" data-e-type=\"container\">\n\t\t\t\t\t<div class=\"e-con-inner\">\n\t\t\t\t<div class=\"elementor-element elementor-element-9924ff9 elementor-widget elementor-widget-heading\" data-id=\"9924ff9\" data-element_type=\"widget\" data-e-type=\"widget\" data-widget_type=\"heading.default\">\n\t\t\t\t<div class=\"elementor-widget-container\">\n\t\t\t\t\t<h2 class=\"elementor-heading-title elementor-size-default\">\u267b\ufe0f 100 % Biod\u00e9gradable et Compostable<\/h2>\t\t\t\t<\/div>\n\t\t\t\t<\/div>\n\t\t\t\t\t<\/div>\n\t\t\t\t<\/div>\n\t\t<div class=\"elementor-element elementor-element-fae1416 e-flex e-con-boxed e-con e-parent\" data-id=\"fae1416\" data-element_type=\"container\" data-e-type=\"container\">\n\t\t\t\t\t<div class=\"e-con-inner\">\n\t\t\t\t<div class=\"elementor-element elementor-element-bea891b elementor-widget elementor-widget-text-editor\" data-id=\"bea891b\" data-element_type=\"widget\" data-e-type=\"widget\" data-widget_type=\"text-editor.default\">\n\t\t\t\t<div class=\"elementor-widget-container\">\n\t\t\t\t\t\t\t\t\t<p>L\u2019un des plus grands atouts du myc\u00e9lium est sa <strong data-start=\"1103\" data-end=\"1128\">d\u00e9gradation naturelle<\/strong> en fin de vie. Contrairement aux plastiques qui mettent des si\u00e8cles \u00e0 se d\u00e9sagr\u00e9ger, un objet en myc\u00e9lium retourne \u00e0 la terre en quelques semaines, <strong data-start=\"1277\" data-end=\"1335\">sans laisser de microplastiques ni de r\u00e9sidus toxiques<\/strong>. Il s\u2019int\u00e8gre parfaitement dans un cycle de production circulaire, o\u00f9 chaque cr\u00e9ation peut \u00eatre compost\u00e9e pour nourrir de nouvelles cultures.<\/p>\t\t\t\t\t\t\t\t<\/div>\n\t\t\t\t<\/div>\n\t\t\t\t\t<\/div>\n\t\t\t\t<\/div>\n\t\t<div class=\"elementor-element elementor-element-bd38cbf e-flex e-con-boxed e-con e-parent\" data-id=\"bd38cbf\" data-element_type=\"container\" data-e-type=\"container\">\n\t\t\t\t\t<div class=\"e-con-inner\">\n\t\t\t\t<div class=\"elementor-element elementor-element-5d784eb elementor-widget elementor-widget-heading\" data-id=\"5d784eb\" data-element_type=\"widget\" data-e-type=\"widget\" data-widget_type=\"heading.default\">\n\t\t\t\t<div class=\"elementor-widget-container\">\n\t\t\t\t\t<h2 class=\"elementor-heading-title elementor-size-default\">\ud83d\udd0b Une Faible Consommation d\u2019\u00c9nergie et d\u2019Eau<\/h2>\t\t\t\t<\/div>\n\t\t\t\t<\/div>\n\t\t\t\t\t<\/div>\n\t\t\t\t<\/div>\n\t\t<div class=\"elementor-element elementor-element-aa8c0e9 e-flex e-con-boxed e-con e-parent\" data-id=\"aa8c0e9\" data-element_type=\"container\" data-e-type=\"container\">\n\t\t\t\t\t<div class=\"e-con-inner\">\n\t\t\t\t<div class=\"elementor-element elementor-element-83b02ae elementor-widget elementor-widget-text-editor\" data-id=\"83b02ae\" data-element_type=\"widget\" data-e-type=\"widget\" data-widget_type=\"text-editor.default\">\n\t\t\t\t<div class=\"elementor-widget-container\">\n\t\t\t\t\t\t\t\t\t<p data-start=\"1538\" data-end=\"1646\">La production du myc\u00e9lium est <strong data-start=\"1568\" data-end=\"1605\">extr\u00eamement \u00e9conome en ressources<\/strong> compar\u00e9e aux mat\u00e9riaux conventionnels.<\/p><ul data-start=\"1647\" data-end=\"1896\"><li data-start=\"1647\" data-end=\"1727\"><strong data-start=\"1649\" data-end=\"1680\">Jusqu\u2019\u00e0 90 % d\u2019eau en moins<\/strong> que la fabrication du plastique ou du b\u00e9ton.<\/li><li data-start=\"1728\" data-end=\"1812\"><strong data-start=\"1730\" data-end=\"1761\">5 \u00e0 10 fois moins d\u2019\u00e9nergie<\/strong> n\u00e9cessaire pour sa culture et sa transformation.<\/li><li data-start=\"1813\" data-end=\"1896\">Aucun besoin de fours \u00e0 haute temp\u00e9rature ou de proc\u00e9d\u00e9s chimiques \u00e9nergivores.<\/li><\/ul><p data-start=\"1898\" data-end=\"2043\">Cette faible empreinte \u00e9nerg\u00e9tique en fait une alternative pr\u00e9cieuse pour un futur o\u00f9 <strong data-start=\"1984\" data-end=\"2040\">l\u2019efficacit\u00e9 \u00e9cologique devient une priorit\u00e9 absolue<\/strong>.<\/p>\t\t\t\t\t\t\t\t<\/div>\n\t\t\t\t<\/div>\n\t\t\t\t\t<\/div>\n\t\t\t\t<\/div>\n\t\t<div class=\"elementor-element elementor-element-e409af9 e-flex e-con-boxed e-con e-parent\" data-id=\"e409af9\" data-element_type=\"container\" data-e-type=\"container\">\n\t\t\t\t\t<div class=\"e-con-inner\">\n\t\t\t\t<div class=\"elementor-element elementor-element-163d68e elementor-widget elementor-widget-heading\" data-id=\"163d68e\" data-element_type=\"widget\" data-e-type=\"widget\" data-widget_type=\"heading.default\">\n\t\t\t\t<div class=\"elementor-widget-container\">\n\t\t\t\t\t<h2 class=\"elementor-heading-title elementor-size-default\">\ud83c\udfe1 Une R\u00e9volution pour l\u2019Habitat Durable<\/h2>\t\t\t\t<\/div>\n\t\t\t\t<\/div>\n\t\t\t\t\t<\/div>\n\t\t\t\t<\/div>\n\t\t<div class=\"elementor-element elementor-element-0fde8bf e-flex e-con-boxed e-con e-parent\" data-id=\"0fde8bf\" data-element_type=\"container\" data-e-type=\"container\">\n\t\t\t\t\t<div class=\"e-con-inner\">\n\t\t\t\t<div class=\"elementor-element elementor-element-fc2aefc elementor-widget elementor-widget-text-editor\" data-id=\"fc2aefc\" data-element_type=\"widget\" data-e-type=\"widget\" data-widget_type=\"text-editor.default\">\n\t\t\t\t<div class=\"elementor-widget-container\">\n\t\t\t\t\t\t\t\t\t<p>Le myc\u00e9lium ne se contente pas d\u2019\u00eatre \u00e9cologique, il offre aussi des <strong data-start=\"2166\" data-end=\"2203\">propri\u00e9t\u00e9s isolantes remarquables<\/strong>. En tant qu\u2019isolant thermique et acoustique naturel, il permet de <strong data-start=\"2270\" data-end=\"2326\">r\u00e9duire les besoins en chauffage et en climatisation<\/strong>, diminuant ainsi la consommation d\u2019\u00e9nergie des b\u00e2timents. Il repr\u00e9sente une solution d\u2019avenir pour la construction et la r\u00e9novation, <strong data-start=\"2460\" data-end=\"2545\">rempla\u00e7ant les isolants synth\u00e9tiques polluants par un mat\u00e9riau sain et performant<\/strong>.<\/p>\t\t\t\t\t\t\t\t<\/div>\n\t\t\t\t<\/div>\n\t\t\t\t\t<\/div>\n\t\t\t\t<\/div>\n\t\t<div class=\"elementor-element elementor-element-83bdc8e e-flex e-con-boxed e-con e-parent\" data-id=\"83bdc8e\" data-element_type=\"container\" data-e-type=\"container\">\n\t\t\t\t\t<div class=\"e-con-inner\">\n\t\t\t\t<div class=\"elementor-element elementor-element-07b744f elementor-widget elementor-widget-heading\" data-id=\"07b744f\" data-element_type=\"widget\" data-e-type=\"widget\" data-widget_type=\"heading.default\">\n\t\t\t\t<div class=\"elementor-widget-container\">\n\t\t\t\t\t<h2 class=\"elementor-heading-title elementor-size-default\">\ud83c\udf31 Vers un Avenir Plus Responsable<\/h2>\t\t\t\t<\/div>\n\t\t\t\t<\/div>\n\t\t\t\t\t<\/div>\n\t\t\t\t<\/div>\n\t\t<div class=\"elementor-element elementor-element-d8e2eab e-flex e-con-boxed e-con e-parent\" data-id=\"d8e2eab\" data-element_type=\"container\" data-e-type=\"container\">\n\t\t\t\t\t<div class=\"e-con-inner\">\n\t\t\t\t<div class=\"elementor-element elementor-element-b3bb68e elementor-widget elementor-widget-text-editor\" data-id=\"b3bb68e\" data-element_type=\"widget\" data-e-type=\"widget\" data-widget_type=\"text-editor.default\">\n\t\t\t\t<div class=\"elementor-widget-container\">\n\t\t\t\t\t\t\t\t\t<p>Adopter le myc\u00e9lium dans la fabrication d\u2019objets et de mat\u00e9riaux de construction, c\u2019est choisir une <strong data-start=\"2695\" data-end=\"2739\">approche respectueuse de l\u2019environnement<\/strong> et contribuer \u00e0 un monde plus durable. En misant sur cette ressource vivante, nous red\u00e9finissons nos modes de production et de consommation pour allier <strong data-start=\"2892\" data-end=\"2926\">innovation, design et \u00e9cologie<\/strong>.<\/p>\t\t\t\t\t\t\t\t<\/div>\n\t\t\t\t<\/div>\n\t\t\t\t\t<\/div>\n\t\t\t\t<\/div>\n\t\t\t\t<\/div>\n\t\t","protected":false},"excerpt":{"rendered":"<p>Le Myc\u00e9lium, un Alli\u00e9 Pr\u00e9cieux pour la Pr\u00e9servation de Notre Plan\u00e8te Dans un monde o\u00f9 la pollution et la surconsommation des ressources naturelles menacent notre \u00e9quilibre \u00e9cologique, le myc\u00e9lium se r\u00e9v\u00e8le \u00eatre une solution d\u2019avenir. Ce r\u00e9seau v\u00e9g\u00e9tal souterrain, qui constitue la base des champignons, poss\u00e8de des propri\u00e9t\u00e9s remarquables pour r\u00e9duire notre impact environnemental tout [&hellip;]<\/p>\n","protected":false},"author":1,"featured_media":278,"parent":0,"menu_order":0,"comment_status":"closed","ping_status":"closed","template":"","meta":{"ocean_post_layout":"","ocean_both_sidebars_style":"","ocean_both_sidebars_content_width":0,"ocean_both_sidebars_sidebars_width":0,"ocean_sidebar":"","ocean_second_sidebar":"","ocean_disable_margins":"enable","ocean_add_body_class":"","ocean_shortcode_before_top_bar":"","ocean_shortcode_after_top_bar":"","ocean_shortcode_before_header":"","ocean_shortcode_after_header":"","ocean_has_shortcode":"","ocean_shortcode_after_title":"","ocean_shortcode_before_footer_widgets":"","ocean_shortcode_after_footer_widgets":"","ocean_shortcode_before_footer_bottom":"","ocean_shortcode_after_footer_bottom":"","ocean_display_top_bar":"default","ocean_display_header":"default","ocean_header_style":"","ocean_center_header_left_menu":"","ocean_custom_header_template":"","ocean_custom_logo":0,"ocean_custom_retina_logo":0,"ocean_custom_logo_max_width":0,"ocean_custom_logo_tablet_max_width":0,"ocean_custom_logo_mobile_max_width":0,"ocean_custom_logo_max_height":0,"ocean_custom_logo_tablet_max_height":0,"ocean_custom_logo_mobile_max_height":0,"ocean_header_custom_menu":"","ocean_menu_typo_font_family":"","ocean_menu_typo_font_subset":"","ocean_menu_typo_font_size":0,"ocean_menu_typo_font_size_tablet":0,"ocean_menu_typo_font_size_mobile":0,"ocean_menu_typo_font_size_unit":"px","ocean_menu_typo_font_weight":"","ocean_menu_typo_font_weight_tablet":"","ocean_menu_typo_font_weight_mobile":"","ocean_menu_typo_transform":"","ocean_menu_typo_transform_tablet":"","ocean_menu_typo_transform_mobile":"","ocean_menu_typo_line_height":0,"ocean_menu_typo_line_height_tablet":0,"ocean_menu_typo_line_height_mobile":0,"ocean_menu_typo_line_height_unit":"","ocean_menu_typo_spacing":0,"ocean_menu_typo_spacing_tablet":0,"ocean_menu_typo_spacing_mobile":0,"ocean_menu_typo_spacing_unit":"","ocean_menu_link_color":"","ocean_menu_link_color_hover":"","ocean_menu_link_color_active":"","ocean_menu_link_background":"","ocean_menu_link_hover_background":"","ocean_menu_link_active_background":"","ocean_menu_social_links_bg":"","ocean_menu_social_hover_links_bg":"","ocean_menu_social_links_color":"","ocean_menu_social_hover_links_color":"","ocean_disable_title":"default","ocean_disable_heading":"default","ocean_post_title":"","ocean_post_subheading":"","ocean_post_title_style":"","ocean_post_title_background_color":"","ocean_post_title_background":0,"ocean_post_title_bg_image_position":"","ocean_post_title_bg_image_attachment":"","ocean_post_title_bg_image_repeat":"","ocean_post_title_bg_image_size":"","ocean_post_title_height":0,"ocean_post_title_bg_overlay":0.5,"ocean_post_title_bg_overlay_color":"","ocean_disable_breadcrumbs":"default","ocean_breadcrumbs_color":"","ocean_breadcrumbs_separator_color":"","ocean_breadcrumbs_links_color":"","ocean_breadcrumbs_links_hover_color":"","ocean_display_footer_widgets":"default","ocean_display_footer_bottom":"default","ocean_custom_footer_template":"","footnotes":""},"class_list":["post-282","page","type-page","status-publish","has-post-thumbnail","hentry","entry","has-media"],"jetpack_sharing_enabled":true,"_links":{"self":[{"href":"https:\/\/ecomyco.fr\/index.php?rest_route=\/wp\/v2\/pages\/282","targetHints":{"allow":["GET"]}}],"collection":[{"href":"https:\/\/ecomyco.fr\/index.php?rest_route=\/wp\/v2\/pages"}],"about":[{"href":"https:\/\/ecomyco.fr\/index.php?rest_route=\/wp\/v2\/types\/page"}],"author":[{"embeddable":true,"href":"https:\/\/ecomyco.fr\/index.php?rest_route=\/wp\/v2\/users\/1"}],"replies":[{"embeddable":true,"href":"https:\/\/ecomyco.fr\/index.php?rest_route=%2Fwp%2Fv2%2Fcomments&post=282"}],"version-history":[{"count":8,"href":"https:\/\/ecomyco.fr\/index.php?rest_route=\/wp\/v2\/pages\/282\/revisions"}],"predecessor-version":[{"id":298,"href":"https:\/\/ecomyco.fr\/index.php?rest_route=\/wp\/v2\/pages\/282\/revisions\/298"}],"wp:featuredmedia":[{"embeddable":true,"href":"https:\/\/ecomyco.fr\/index.php?rest_route=\/wp\/v2\/media\/278"}],"wp:attachment":[{"href":"https:\/\/ecomyco.fr\/index.php?rest_route=%2Fwp%2Fv2%2Fmedia&parent=282"}],"curies":[{"name":"wp","href":"https:\/\/api.w.org\/{rel}","templated":true}]}}